{"id":119,"date":"2014-04-10T15:08:45","date_gmt":"2014-04-10T13:08:45","guid":{"rendered":"https:\/\/www.sc-essingen.de\/neschp\/?page_id=119"},"modified":"2024-10-27T09:48:44","modified_gmt":"2024-10-27T07:48:44","slug":"impressum-2","status":"publish","type":"page","link":"https:\/\/www.sc-essingen.de\/?page_id=119","title":{"rendered":"Impressum"},"content":{"rendered":"<h3>Anbieter<\/h3>\n<p><b>Skiclub Essingen e.V.<\/b><br \/>\n<b>Steige 21<\/b><br \/>\n<b>73457 Essingen<\/b><\/p>\n<p>Telefon: \u00a0\u00a0\u00a0\u00a0\u00a0\u00a0\u00a0\u00a0\u00a0 \u00a0\u00a0\u00a0\u00a0\u00a0\u00a0\u00a0\u00a0\u00a0\u00a0\u00a0 07365 &#8211; 6511<br \/>\nEmail:\u00a0\u00a0\u00a0\u00a0\u00a0\u00a0\u00a0\u00a0\u00a0\u00a0\u00a0\u00a0 \u00a0\u00a0\u00a0\u00a0\u00a0\u00a0\u00a0\u00a0\u00a0\u00a0\u00a0 info@sc-essingen.de<br \/>\nInternet: \u00a0\u00a0\u00a0\u00a0\u00a0\u00a0\u00a0\u00a0\u00a0 \u00a0\u00a0\u00a0\u00a0\u00a0\u00a0\u00a0\u00a0\u00a0\u00a0 <a href=\"https:\/\/www.sc-essingen.de\/\">https:\/\/www.sc-essingen.de<\/a><\/p>\n<p>Registergericht:\u00a0\u00a0\u00a0\u00a0\u00a0\u00a0\u00a0\u00a0\u00a0 Amtsgericht Aalen<br \/>\nRegisternummer:\u00a0\u00a0\u00a0\u00a0\u00a0\u00a0 VR 557<\/p>\n<h3>Gesetzliche Vertretung<\/h3>\n<p>Ernst Bauer \u00a0\u00a0\u00a0\u00a0\u00a0\u00a0\u00a0\u00a0\u00a0\u00a0\u00a0\u00a0\u00a0\u00a0 1. Vorsitzender<br \/>\nHeike Traub \u00a0 \u00a0\u00a0 \u00a0\u00a0\u00a0\u00a0\u00a0\u00a0\u00a0\u00a0\u00a0 stellvertretende Vorsitzende<br \/>\nMartin Braig \u00a0\u00a0 \u00a0\u00a0\u00a0\u00a0\u00a0\u00a0\u00a0\u00a0\u00a0\u00a0 Schatzmeister<\/p>\n<p>Der Verein wird gerichtlich und au\u00dfergerichtlich durch je zwei der genannten Personen<br \/>\ngemeinsam vertreten.<\/p>\n<h3>Weitere Mitglieder des Vorstandes<\/h3>\n<p>Mathias Winter \u00a0 \u00a0\u00a0\u00a0\u00a0\u00a0\u00a0 Schriftf\u00fchrer<br \/>\nHolger Miske\u00a0\u00a0\u00a0\u00a0\u00a0\u00a0\u00a0\u00a0\u00a0\u00a0\u00a0\u00a0 Skischulleiter<br \/>\nLara Bauer\u00a0\u00a0\u00a0\u00a0\u00a0\u00a0\u00a0\u00a0\u00a0\u00a0\u00a0\u00a0\u00a0\u00a0\u00a0 Jugendleiterin<\/p>\n<h3>Referenten<\/h3>\n<p>Mathias Winter\u00a0 \u00a0\u00a0\u00a0\u00a0\u00a0\u00a0 \u00d6ffentlichkeitsarbeit<br \/>\nRoland Rautenberg\u00a0\u00a0 Hallentraining<br \/>\nHeike Traub\u00a0\u00a0\u00a0\u00a0\u00a0\u00a0\u00a0\u00a0\u00a0\u00a0\u00a0\u00a0\u00a0 Nordic Walking<\/p>\n<h3>Inhaltliche Verantwortung<\/h3>\n<p>Skiclub Essingen e.V.<br \/>\n1. Vorsitzender<\/p>\n<h3>Haftungsausschluss<\/h3>\n<p>Alle auf unserem Internetauftritt enthaltenen Informationen sind nach bestem Wissen und Gewissen erstellt. F\u00fcr die Richtigkeit, Aktualit\u00e4t, Korrektheit, Qualit\u00e4t und Vollst\u00e4ndigkeit der Informationen sowie die technische Funktion der Internetauftritte wird keine Gew\u00e4hr \u00fcbernommen.<\/p>\n<p>Alle Angebote sind freibleibend und unverbindlich. Der Skiclub Essingen e.V. beh\u00e4lt sich ausdr\u00fccklich vor, Teile des Internetauftrittes oder das gesamte Angebot ohne gesonderte Ank\u00fcndigung zu ver\u00e4ndern, zu erg\u00e4nzen, zu l\u00f6schen oder die Ver\u00f6ffentlichung zeitweise oder endg\u00fcltig einzustellen. Versehentliche Verf\u00e4lschungen oder Manipulationen durch Dritte des Internetauftrittes des Skiclub Essingen e.V. k\u00f6nnen nicht von vornherein ausgeschlossen werden. In keinem Fall \u00fcbernimmt der Skiclub Essingen e.V. f\u00fcr Sch\u00e4den, die durch missbr\u00e4uchliche Ver\u00e4nderung oder Verwendung der Daten durch Dritte verursacht werden, die Gew\u00e4hrleistung. Ein eventuelles Risiko mit der Nutzung des Internetauftrittes des Skiclub Essingen e.V. liegt bei den Nutzerinnen und Nutzern.<\/p>\n<p>Haftungsanspr\u00fcche gegen den Skiclub Essingen e.V., welche sich auf Sch\u00e4den materieller oder ideeller Art beziehen, die durch die Nutzung oder Nichtnutzung der dargebotenen Informationen bzw. durch die Nutzung fehlerhafter und unvollst\u00e4ndiger Informationen verursacht wurden, sind grunds\u00e4tzlich ausgeschlossen.<\/p>\n<p>Der Skiclub Essingen e.V. hat auf verschiedenen Seiten seines Internetauftrittes Links zu anderen Websites im Internet gesetzt. Der Skiclub Essingen e.V. betont ausdr\u00fccklich, dass er keinerlei Einfluss auf die Gestaltung und die Inhalte der gelinkten Seiten hat. Deshalb distanziert sich hiermit der Skiclub Essingen e.V. ausdr\u00fccklich von allen Inhalten aller gelinkten Seiten auf dem Internetauftritt und macht sich die Inhalte der verlinkten Websites nicht zu eigen.<\/p>\n<h3><a href=\"https:\/\/www.sc-essingen.de\/?page_id=4156\" target=\"_blank\" rel=\"noopener\">Datenschutz<\/a><\/h3>\n<h3>Umsetzung und Realisierung<i> <\/i><\/h3>\n<p>Heike Traub<br \/>\nSchradenbergstr. 34<br \/>\n73434 Aalen<br \/>\nTelefon:\u00a0\u00a0\u00a0 +49 179 7968028<br \/>\nE-Mail:\u00a0\u00a0\u00a0\u00a0 heike.traub@sc-essingen.de<\/p>\n<p>Mathias Winter<br \/>\nUnteres Dorf 8<br \/>\n73457 Essingen<br \/>\nTelefon:\u00a0\u00a0\u00a0\u00a0 07365 417253<br \/>\nE-Mail:\u00a0\u00a0\u00a0\u00a0\u00a0 mathias.winter@sc-essingen.de<\/p>\n<p>Ernst Lipp<br \/>\nBergfeldstra\u00dfe 1<br \/>\n73457 Essingen<br \/>\nTelefon:\u00a0\u00a0\u00a0 07365 5794<br \/>\nE-Mail:\u00a0\u00a0\u00a0\u00a0 ernst.lipp@sc-essingen.de<\/p>\n","protected":false},"excerpt":{"rendered":"<p>Anbieter Skiclub Essingen e.V. Steige 21 73457 Essingen Telefon: \u00a0\u00a0\u00a0\u00a0\u00a0\u00a0\u00a0\u00a0\u00a0 \u00a0\u00a0\u00a0\u00a0\u00a0\u00a0\u00a0\u00a0\u00a0\u00a0\u00a0 07365 &#8211; 6511 Email:\u00a0\u00a0\u00a0\u00a0\u00a0\u00a0\u00a0\u00a0\u00a0\u00a0\u00a0\u00a0 \u00a0\u00a0\u00a0\u00a0\u00a0\u00a0\u00a0\u00a0\u00a0\u00a0\u00a0 info@sc-essingen.de Internet: \u00a0\u00a0\u00a0\u00a0\u00a0\u00a0\u00a0\u00a0\u00a0 \u00a0\u00a0\u00a0\u00a0\u00a0\u00a0\u00a0\u00a0\u00a0\u00a0 https:\/\/www.sc-essingen.de Registergericht:\u00a0\u00a0\u00a0\u00a0\u00a0\u00a0\u00a0\u00a0\u00a0 Amtsgericht Aalen Registernummer:\u00a0\u00a0\u00a0\u00a0\u00a0\u00a0 VR 557 Gesetzliche Vertretung Ernst Bauer \u00a0\u00a0\u00a0\u00a0\u00a0\u00a0\u00a0\u00a0\u00a0\u00a0\u00a0\u00a0\u00a0\u00a0 1. Vorsitzender Heike Traub \u00a0 \u00a0\u00a0 \u00a0\u00a0\u00a0\u00a0\u00a0\u00a0\u00a0\u00a0\u00a0 stellvertretende Vorsitzende Martin Braig \u00a0\u00a0 \u00a0\u00a0\u00a0\u00a0\u00a0\u00a0\u00a0\u00a0\u00a0\u00a0 Schatzmeister Der Verein wird gerichtlich und au\u00dfergerichtlich durch je zwei [&hellip;]<\/p>\n","protected":false},"author":1,"featured_media":0,"parent":0,"menu_order":0,"comment_status":"closed","ping_status":"closed","template":"","meta":[],"_links":{"self":[{"href":"https:\/\/www.sc-essingen.de\/index.php?rest_route=\/wp\/v2\/pages\/119"}],"collection":[{"href":"https:\/\/www.sc-essingen.de\/index.php?rest_route=\/wp\/v2\/pages"}],"about":[{"href":"https:\/\/www.sc-essingen.de\/index.php?rest_route=\/wp\/v2\/types\/page"}],"author":[{"embeddable":true,"href":"https:\/\/www.sc-essingen.de\/index.php?rest_route=\/wp\/v2\/users\/1"}],"replies":[{"embeddable":true,"href":"https:\/\/www.sc-essingen.de\/index.php?rest_route=%2Fwp%2Fv2%2Fcomments&post=119"}],"version-history":[{"count":21,"href":"https:\/\/www.sc-essingen.de\/index.php?rest_route=\/wp\/v2\/pages\/119\/revisions"}],"predecessor-version":[{"id":7562,"href":"https:\/\/www.sc-essingen.de\/index.php?rest_route=\/wp\/v2\/pages\/119\/revisions\/7562"}],"wp:attachment":[{"href":"https:\/\/www.sc-essingen.de\/index.php?rest_route=%2Fwp%2Fv2%2Fmedia&parent=119"}],"curies":[{"name":"wp","href":"https:\/\/api.w.org\/{rel}","templated":true}]}}