{"id":184,"date":"2014-04-13T13:54:48","date_gmt":"2014-04-13T11:54:48","guid":{"rendered":"https:\/\/www.sc-essingen.de\/?page_id=184"},"modified":"2025-10-23T16:58:01","modified_gmt":"2025-10-23T14:58:01","slug":"allgemeine-bedingungen","status":"publish","type":"page","link":"https:\/\/www.sc-essingen.de\/?page_id=184","title":{"rendered":"Allgemeine Bedingungen"},"content":{"rendered":"\n<p><strong>I. F\u00fcr Veranstaltungen des Skiclub Essingen e.V.<\/strong><\/p>\n\n\n\n<p>Bei Anmeldung zu einer kostenpflichtigen Veranstaltung erkl\u00e4rt sich der Teilnehmer zur Erteilung einer Abbuchungserm\u00e4chtigung durch den SC Essingen einverstanden.<\/p>\n\n\n\n<p>Mit Best\u00e4tigung der Anmeldung durch ein Mitglied des SC Essingen ist die Anmeldung bindend.<strong><br><br><\/strong>Bei Abmeldung nach der Anmeldefrist behalten wir uns vor die entstehenden Fixkosten in Rechnung zu stellen und abzubuchen.<\/p>\n\n\n\n<p>Die Abbuchung des Teilnehmerpreises erfolgt innerhalb 2 Wochen nach der Veranstaltung.<strong><br><\/strong><br>Die Mandatsreferenznummer beginnt mit Best\u00e4tigung der Anmeldung und endet mit Abbuchung des Teilnehmerpreises.<\/p>\n\n\n\n<p>Kurzfristige \u00c4nderungen der Veranstaltungen bzgl. des Zielortes bzw. kleine Preis\u00e4nde\u00adrungen aufgrund Schneemangel oder anderer Gegebenheiten behalten wir uns vor.<\/p>\n\n\n\n<p>Absagen aufgrund zu geringer Beteiligung m\u00f6chten wir vermeiden k\u00f6nnen wir aber nicht ausschlie\u00dfen.<\/p>\n\n\n\n<p>Die Kosten f\u00fcr Bus, Hotel und Skilift nehmen wir nur zur Weiterleitung an die beauf\u00adtragten Unternehmen entgegen. Die DSV Skischule Essingen haftet nicht f\u00fcr Verschul\u00adden der beauftragten Vertragspartner (z.B. Busunternehmen, Hotels, Liftgesellschaf\u00adten). Irrt\u00fcmer, Druckfehler und Angebots\u00e4nderungen behalten wir uns vor.<\/p>\n\n\n\n<p>F\u00fcr Ausr\u00fcstungsgegenst\u00e4nde haftet der Teilnehmer selbst !<\/p>\n\n\n\n<p>Kinder bis 18 Jahre k\u00f6nnen nur in Begleitung eines Erziehungsberechtigten an mehr\u00adt\u00e4gigen Ausfahrten teilnehmen.<\/p>\n\n\n\n<p>Bei Tagesausfahrten werden Kinder bis 15 Jahre bei Teilnahme an einem Skikurs durch unsere Skilehrkr\u00e4fte betreut.<\/p>\n\n\n\n<p>Wir bieten f\u00fcr Jugendliche ab 16 Jahren gegen einen Aufpreis von 10 Euro eine Skibe\u00adtreuung durch unser Lehrteam an. F\u00fcr Mitglieder ist diese Betreuung kostenlos.<\/p>\n\n\n\n<p>Insolvenzabsicherung ? Unsere Reisen sind bei R + V versichert<\/p>\n\n\n\n<p>Sicherungsscheine werden vor Reiseantritt ausgeh\u00e4ndigt.<\/p>\n\n\n\n<p>VR-Bank Ostalb eG&nbsp;&nbsp;&nbsp;&nbsp;&nbsp; BIC GENODES1AAV &nbsp; &nbsp;&nbsp; IBAN DE07 6149 0150 0039 8080 09<\/p>\n\n\n\n<p><strong>II. Haftungsausschluss:<\/strong><\/p>\n\n\n\n<p>Jede bergsportliche Unternehmung ist mit Risiken verbunden, die sich nicht vollst\u00e4ndig<\/p>\n\n\n\n<p>ausschlie\u00dfen lassen. Die Teilnahme an derartigen Vereinsaktivit\u00e4ten erfolgt<\/p>\n\n\n\n<p>ausschlie\u00dflich auf eigene Gefahr und Verantwortung des Teilnehmers.<\/p>\n\n\n\n<p>Jeder Teilnehmer anerkennt durch seine Teilnahme diesen Haftungsausschluss gegen\u00fcber dem Verein, dessen Organen und dessen Mitgliedern.<\/p>\n\n\n\n<p><strong>Dies gilt nicht f\u00fcr Unf\u00e4lle, die durch grobe Fahrl\u00e4ssigkeit oder Vorsatz verursacht werden.<\/strong><\/p>\n\n\n\n<p><strong>III. Einverst\u00e4ndniserkl\u00e4rung zur Ver\u00f6ffentlichung von Fotos und Texten im Internet und in der lokalen Presse<\/strong><\/p>\n\n\n\n<p>Hiermit erteile ich die Erlaubnis und erkl\u00e4re mein Einverst\u00e4ndnis, dass Fotografien und Texte von allen Vereinsaktivit\u00e4ten des Skiclub Essingen e.V. (Ausfahrten, Veranstaltungen, Wettk\u00e4mpfe etc.), im Zusammenhang mit der graphischen Darstellung (z.B. im Banner bzw. als Bericht div. Aktivit\u00e4ten o.\u00e4.) auf der Homepage des SC Essingen e.V.&nbsp;<strong>www.sc-essingen.de<\/strong>&nbsp;ver\u00f6ffentlicht werden d\u00fcrfen.<\/p>\n\n\n\n<p>Au\u00dferdem erkl\u00e4re(n) ich \/ wir mich \/ uns damit einverstanden, dass Fotografien im Rahmen eines Berichtes auch in der \u00f6rtlichen Papier- und Internetpresse (z.B. Schw\u00e4bische Post, Gemeindeblatt Essingen, etc.) ver\u00f6ffentlicht werden d\u00fcrfen.<\/p>\n\n\n\n<p>Es besteht und ergibt sich kein Haftungsanspruch gegen\u00fcber dem Skiclub Essingen e.V., f\u00fcr die Art und Form der Nutzung der oben aufgef\u00fchrten Internetseite, zum Beispiel f\u00fcr das Runterladen von Bildern und deren anschlie\u00dfende Nutzung durch Dritte.<\/p>\n\n\n\n<p>Die Einr\u00e4umung der Rechte erfolgt ohne Verg\u00fctung und umfasst das Recht zur Bearbeitung, soweit die Bearbeitung nicht entstellend ist.<\/p>\n\n\n\n<p>Meine Einwilligung ist bei Einzelabbildungen jederzeit f\u00fcr die Zukunft widerruflich. Bei Mehrpersonenabbildungen ist meine Einwilligung unwiderruflich, sofern nicht eine Interessenabw\u00e4gung eindeutig zu meinen Gunsten ausf\u00e4llt.<\/p>\n\n\n\n<p>Im Falle des Widerrufs d\u00fcrfen entsprechende Einzelabbildungen zuk\u00fcnftig nicht mehr f\u00fcr die oben genannten Zwecke verwendet werden und sind unverz\u00fcglich aus den entsprechenden Ver\u00f6ffentlichungen zu l\u00f6schen.<\/p>\n","protected":false},"excerpt":{"rendered":"<p>I. F\u00fcr Veranstaltungen des Skiclub Essingen e.V. Bei Anmeldung zu einer kostenpflichtigen Veranstaltung erkl\u00e4rt sich der Teilnehmer zur Erteilung einer Abbuchungserm\u00e4chtigung durch den SC Essingen einverstanden. Mit Best\u00e4tigung der Anmeldung durch ein Mitglied des SC Essingen ist die Anmeldung bindend.Bei Abmeldung nach der Anmeldefrist behalten wir uns vor die entstehenden Fixkosten in Rechnung zu stellen [&hellip;]<\/p>\n","protected":false},"author":3,"featured_media":0,"parent":0,"menu_order":0,"comment_status":"closed","ping_status":"closed","template":"","meta":[],"_links":{"self":[{"href":"https:\/\/www.sc-essingen.de\/index.php?rest_route=\/wp\/v2\/pages\/184"}],"collection":[{"href":"https:\/\/www.sc-essingen.de\/index.php?rest_route=\/wp\/v2\/pages"}],"about":[{"href":"https:\/\/www.sc-essingen.de\/index.php?rest_route=\/wp\/v2\/types\/page"}],"author":[{"embeddable":true,"href":"https:\/\/www.sc-essingen.de\/index.php?rest_route=\/wp\/v2\/users\/3"}],"replies":[{"embeddable":true,"href":"https:\/\/www.sc-essingen.de\/index.php?rest_route=%2Fwp%2Fv2%2Fcomments&post=184"}],"version-history":[{"count":7,"href":"https:\/\/www.sc-essingen.de\/index.php?rest_route=\/wp\/v2\/pages\/184\/revisions"}],"predecessor-version":[{"id":8138,"href":"https:\/\/www.sc-essingen.de\/index.php?rest_route=\/wp\/v2\/pages\/184\/revisions\/8138"}],"wp:attachment":[{"href":"https:\/\/www.sc-essingen.de\/index.php?rest_route=%2Fwp%2Fv2%2Fmedia&parent=184"}],"curies":[{"name":"wp","href":"https:\/\/api.w.org\/{rel}","templated":true}]}}