{"id":41,"date":"2014-04-10T11:41:13","date_gmt":"2014-04-10T09:41:13","guid":{"rendered":"https:\/\/www.sc-essingen.de\/neschp\/?page_id=41"},"modified":"2014-04-12T14:04:49","modified_gmt":"2014-04-12T12:04:49","slug":"geschichte","status":"publish","type":"page","link":"https:\/\/www.sc-essingen.de\/?page_id=41","title":{"rendered":"Geschichte"},"content":{"rendered":"<p>Schon vor der Gr\u00fcndung des Skiclubs in seiner jetzigen Form gab es in Essingen den Skisport. Den Grundstein legte wohl 1893 die norwegische Gemahlin des damaligen Pfarrers Gerok, die wahrscheinlich sogar die erste Skil\u00e4uferin in W\u00fcrttemberg war.<br \/>\nAls 1968 im Hirtenteich der erste Schlepplift in Betrieb genommen wurde und man sich damals noch schneesicheren Wintern erfreuen konnte, entstand die Idee zur Gr\u00fcndung einer Skiabteilung beim TSV Essingen. Am 06.02.1969 fand dann die Gr\u00fcndungsversammlung statt, bei der Karl Wagenblast als erster Abteilungsleiter gew\u00e4hlt wurde. Damals als Ausschussmitglied ist Walter Lehnert von Anfang an beim Vereinsgef\u00fchrten Skisport in Essingen dabei; zwischen 1973 und 1981 war er Abteilungsleiter der Skiabteilung des TSV Essingen.<br \/>\nIm Jahre 1989 konnte mit sieben gepr\u00fcften \u00dcbungsleitern die DSV-Skischule unter Wolfgang Weisser er\u00f6ffnet werden, deren Leitung ab 1991 von Roland Rautenberg \u00fcbernommen wurde. Von da ab konnten auch Skikurse im Gebirge angeboten werden.<\/p>\n<p><a href=\"http:\/\/sc-essingen.de\/neschp\/wp-content\/uploads\/2014\/04\/geschichte1.jpg\"><img loading=\"lazy\" class=\"size-full wp-image-114 alignleft\" alt=\"geschichte1\" src=\"http:\/\/sc-essingen.de\/neschp\/wp-content\/uploads\/2014\/04\/geschichte1.jpg\" width=\"220\" height=\"149\" \/><\/a>Am 6. Oktober 1994 war es dann soweit: Der Skiclub Essingen wurde gegr\u00fcndet. Nach der Gr\u00fcndungsversammlung in der Rose war die Skiabteilung des TSV Essingen Geschichte. Der letzte Abteilungsleiter Karl Batran wurde als erster Vorsitzender best\u00e4tigt, sein Stellvertreter war Ernst Bauer. Dieses Duo f\u00fchrte den Skiclub bis ins Jahr 2002. Seit 1994 ist Helmut Ilzh\u00f6fer Schatzmeister und Annette Brendle (B\u00e4uerle) Schriftf\u00fchrerin. Die Leitung der Skischule hatte zun\u00e4chst Roland Rautenberg inne. Ihm folgte Holger Miske.<\/p>\n<p><a href=\"http:\/\/sc-essingen.de\/neschp\/wp-content\/uploads\/2014\/04\/geschichte2.gif\"><img loading=\"lazy\" class=\"size-full wp-image-115 alignright\" alt=\"geschichte2\" src=\"http:\/\/sc-essingen.de\/neschp\/wp-content\/uploads\/2014\/04\/geschichte2.gif\" width=\"159\" height=\"220\" \/><\/a>Im ersten Club-Maga des Skiclub Essingen f\u00fcr die Saison 94-95 wurden folgende Inhalte des neuen Vereins erw\u00e4hnt, die sowohl Winter- aber auch Sommeraktivit\u00e4ten umfassten: Skikurse, Skiausfahrten, Skigymnastik, Snowboarden, Biken,<br \/>\nFeschd&#8217;la, Klettern, Radfahren, Raften, Surfen, Wandern u.v.m.<\/p>\n<p>&nbsp;<\/p>\n<p>&nbsp;<\/p>\n<p>&nbsp;<\/p>\n<p><a href=\"http:\/\/sc-essingen.de\/neschp\/wp-content\/uploads\/2014\/04\/geschichte3.jpg\"><img loading=\"lazy\" class=\"size-full wp-image-117 alignleft\" alt=\"geschichte3\" src=\"http:\/\/sc-essingen.de\/neschp\/wp-content\/uploads\/2014\/04\/geschichte3.jpg\" width=\"220\" height=\"145\" \/><\/a>Bereits bei der ersten Skib\u00f6rse des neuen Vereins am 13.11.1994 konnte Ursula M\u00f6\u00dfner als 100. Mitglied begr\u00fc\u00dft werden. Als Klassiker im Programm des SCE gab es bereits damals die Tagesausfahrten ins Gebirge (mit oder ohne Kurs), allerdings waren es damals noch vier.<\/p>\n<p>&nbsp;<\/p>\n<p>&nbsp;<\/p>\n<p>Erst 2002 wurde Karl Batran von seinem Stellvertreter Ernst Bauer in der Leitung des Skiclub Essingen abgel\u00f6st.<\/p>\n<p><strong>Die Dauerbrenner des SC Essingen:<\/strong><\/p>\n<p><a href=\"http:\/\/sc-essingen.de\/neschp\/wp-content\/uploads\/2014\/04\/geschichte4.jpg\"><img loading=\"lazy\" class=\"alignnone size-full wp-image-118\" alt=\"geschichte4\" src=\"http:\/\/sc-essingen.de\/neschp\/wp-content\/uploads\/2014\/04\/geschichte4.jpg\" width=\"220\" height=\"145\" \/><\/a><a href=\"http:\/\/sc-essingen.de\/neschp\/wp-content\/uploads\/2014\/04\/geschichte5.jpg\"> <img loading=\"lazy\" class=\"alignnone size-full wp-image-119\" alt=\"geschichte5\" src=\"http:\/\/sc-essingen.de\/neschp\/wp-content\/uploads\/2014\/04\/geschichte5.jpg\" width=\"192\" height=\"145\" \/><\/a><br \/>\nSaisonopening im Pitztal\u00a0\u00a0\u00a0\u00a0\u00a0\u00a0\u00a0\u00a0\u00a0\u00a0\u00a0\u00a0\u00a0\u00a0\u00a0\u00a0\u00a0\u00a0\u00a0 Ski- und Snowboardkurse im Hirtenteich<\/p>\n<p><a href=\"http:\/\/sc-essingen.de\/neschp\/wp-content\/uploads\/2014\/04\/geschichte6.jpg\"><img loading=\"lazy\" class=\"alignnone size-full wp-image-120\" alt=\"geschichte6\" src=\"http:\/\/sc-essingen.de\/neschp\/wp-content\/uploads\/2014\/04\/geschichte6.jpg\" width=\"220\" height=\"145\" \/><\/a><a href=\"http:\/\/sc-essingen.de\/neschp\/wp-content\/uploads\/2014\/04\/geschichte7.jpg\"> <img loading=\"lazy\" class=\"alignnone size-full wp-image-121\" alt=\"geschichte7\" src=\"http:\/\/sc-essingen.de\/neschp\/wp-content\/uploads\/2014\/04\/geschichte7.jpg\" width=\"220\" height=\"145\" \/><\/a><br \/>\nSkib\u00f6rse\u00a0\u00a0\u00a0\u00a0\u00a0\u00a0\u00a0\u00a0\u00a0\u00a0\u00a0\u00a0\u00a0\u00a0\u00a0\u00a0\u00a0\u00a0\u00a0\u00a0\u00a0\u00a0\u00a0\u00a0\u00a0\u00a0\u00a0\u00a0\u00a0\u00a0\u00a0\u00a0\u00a0\u00a0\u00a0\u00a0\u00a0\u00a0\u00a0\u00a0\u00a0\u00a0 Herbstwanderung<\/p>\n","protected":false},"excerpt":{"rendered":"<p>Schon vor der Gr\u00fcndung des Skiclubs in seiner jetzigen Form gab es in Essingen den Skisport. Den Grundstein legte wohl 1893 die norwegische Gemahlin des damaligen Pfarrers Gerok, die wahrscheinlich sogar die erste Skil\u00e4uferin in W\u00fcrttemberg war. Als 1968 im Hirtenteich der erste Schlepplift in Betrieb genommen wurde und man sich damals noch schneesicheren Wintern [&hellip;]<\/p>\n","protected":false},"author":3,"featured_media":0,"parent":0,"menu_order":0,"comment_status":"closed","ping_status":"closed","template":"","meta":[],"_links":{"self":[{"href":"https:\/\/www.sc-essingen.de\/index.php?rest_route=\/wp\/v2\/pages\/41"}],"collection":[{"href":"https:\/\/www.sc-essingen.de\/index.php?rest_route=\/wp\/v2\/pages"}],"about":[{"href":"https:\/\/www.sc-essingen.de\/index.php?rest_route=\/wp\/v2\/types\/page"}],"author":[{"embeddable":true,"href":"https:\/\/www.sc-essingen.de\/index.php?rest_route=\/wp\/v2\/users\/3"}],"replies":[{"embeddable":true,"href":"https:\/\/www.sc-essingen.de\/index.php?rest_route=%2Fwp%2Fv2%2Fcomments&post=41"}],"version-history":[{"count":5,"href":"https:\/\/www.sc-essingen.de\/index.php?rest_route=\/wp\/v2\/pages\/41\/revisions"}],"predecessor-version":[{"id":148,"href":"https:\/\/www.sc-essingen.de\/index.php?rest_route=\/wp\/v2\/pages\/41\/revisions\/148"}],"wp:attachment":[{"href":"https:\/\/www.sc-essingen.de\/index.php?rest_route=%2Fwp%2Fv2%2Fmedia&parent=41"}],"curies":[{"name":"wp","href":"https:\/\/api.w.org\/{rel}","templated":true}]}}